{"id":142,"date":"2024-10-22T08:48:41","date_gmt":"2024-10-22T08:48:41","guid":{"rendered":"https:\/\/newpharmadental.it\/?product=ablatore-sc-a2"},"modified":"2024-12-17T11:56:12","modified_gmt":"2024-12-17T11:56:12","slug":"ablatore-sc-a2","status":"publish","type":"product","link":"https:\/\/newpharmadental.it\/?product=ablatore-sc-a2","title":{"rendered":"Ablatore Stern-Weber SC-a2"},"content":{"rendered":"<p>L&#8217;ablatore SC-A2 \u00e8 uno strumento ad ultrasuoni compatibile con le migliori punte in commercio per attivit\u00e0 di profilassi sopragengivale e di tipo parodontale. Indicato anche per interventi di preparazione di piccole cavit\u00e0, pu\u00f2 essere impiegato nelle tecniche endodontiche di pulizia dei canali radicolari.<\/p>\n","protected":false},"excerpt":{"rendered":"<p>Stern Weber Ablatore ad ultrasuoni &#8211; cod. 76004010<\/p>\n","protected":false},"featured_media":202,"template":"","meta":[],"product_brand":[],"product_cat":[103,15],"product_tag":[52,53,54,56],"class_list":{"0":"post-142","1":"product","2":"type-product","3":"status-publish","4":"has-post-thumbnail","6":"product_cat-ablatori","7":"product_cat-attrezzatre","8":"product_tag-ablatore","9":"product_tag-igiene","10":"product_tag-prevenzione-e-profilassi","11":"product_tag-stern-weber","12":"pa_marca-stern-weber","14":"first","15":"instock","16":"taxable","17":"shipping-taxable","18":"purchasable","19":"product-type-simple"},"_links":{"self":[{"href":"https:\/\/newpharmadental.it\/index.php?rest_route=\/wp\/v2\/product\/142","targetHints":{"allow":["GET"]}}],"collection":[{"href":"https:\/\/newpharmadental.it\/index.php?rest_route=\/wp\/v2\/product"}],"about":[{"href":"https:\/\/newpharmadental.it\/index.php?rest_route=\/wp\/v2\/types\/product"}],"wp:featuredmedia":[{"embeddable":true,"href":"https:\/\/newpharmadental.it\/index.php?rest_route=\/wp\/v2\/media\/202"}],"wp:attachment":[{"href":"https:\/\/newpharmadental.it\/index.php?rest_route=%2Fwp%2Fv2%2Fmedia&parent=142"}],"wp:term":[{"taxonomy":"product_brand","embeddable":true,"href":"https:\/\/newpharmadental.it\/index.php?rest_route=%2Fwp%2Fv2%2Fproduct_brand&post=142"},{"taxonomy":"product_cat","embeddable":true,"href":"https:\/\/newpharmadental.it\/index.php?rest_route=%2Fwp%2Fv2%2Fproduct_cat&post=142"},{"taxonomy":"product_tag","embeddable":true,"href":"https:\/\/newpharmadental.it\/index.php?rest_route=%2Fwp%2Fv2%2Fproduct_tag&post=142"}],"curies":[{"name":"wp","href":"https:\/\/api.w.org\/{rel}","templated":true}]}}