{"id":92,"date":"2024-10-22T08:48:34","date_gmt":"2024-10-22T08:48:34","guid":{"rendered":"https:\/\/newpharmadental.it\/?product=optibond-universal"},"modified":"2024-12-17T13:29:11","modified_gmt":"2024-12-17T13:29:11","slug":"optibond-universal","status":"publish","type":"product","link":"https:\/\/newpharmadental.it\/?product=optibond-universal","title":{"rendered":"Optibond Universal"},"content":{"rendered":"<p>L&#8217;agente adesivo monocomponente combina l&#8217;affidabilit\u00e0 della tecnologia brevettata OptiBond GPDM con la facilit\u00e0 d&#8217;uso di una soluzione universale. Una forza di adesione efficace e affidabile a ogni superficie e substrato con qualsiasi tecnica di mordenzatura. Finalmente efficacia e flessibilit\u00e0 in un unico prodotto. Un solo flacone. Un solo strato, robustezza collaudata, versatilit\u00e0 totale, protezione contro la sensibilit\u00e0 post-operatoria.<\/p>\n","protected":false},"excerpt":{"rendered":"<p>Kerr Optibond Adesivo monocomponente cod: 36519<\/p>\n","protected":false},"featured_media":698,"template":"","meta":[],"product_brand":[],"product_cat":[114,33],"product_tag":[],"class_list":{"0":"post-92","1":"product","2":"type-product","3":"status-publish","4":"has-post-thumbnail","6":"product_cat-adesivi","7":"product_cat-conservativa","8":"pa_marca-kerr","10":"first","11":"instock","12":"sale","13":"taxable","14":"shipping-taxable","15":"purchasable","16":"product-type-simple"},"_links":{"self":[{"href":"https:\/\/newpharmadental.it\/index.php?rest_route=\/wp\/v2\/product\/92","targetHints":{"allow":["GET"]}}],"collection":[{"href":"https:\/\/newpharmadental.it\/index.php?rest_route=\/wp\/v2\/product"}],"about":[{"href":"https:\/\/newpharmadental.it\/index.php?rest_route=\/wp\/v2\/types\/product"}],"wp:featuredmedia":[{"embeddable":true,"href":"https:\/\/newpharmadental.it\/index.php?rest_route=\/wp\/v2\/media\/698"}],"wp:attachment":[{"href":"https:\/\/newpharmadental.it\/index.php?rest_route=%2Fwp%2Fv2%2Fmedia&parent=92"}],"wp:term":[{"taxonomy":"product_brand","embeddable":true,"href":"https:\/\/newpharmadental.it\/index.php?rest_route=%2Fwp%2Fv2%2Fproduct_brand&post=92"},{"taxonomy":"product_cat","embeddable":true,"href":"https:\/\/newpharmadental.it\/index.php?rest_route=%2Fwp%2Fv2%2Fproduct_cat&post=92"},{"taxonomy":"product_tag","embeddable":true,"href":"https:\/\/newpharmadental.it\/index.php?rest_route=%2Fwp%2Fv2%2Fproduct_tag&post=92"}],"curies":[{"name":"wp","href":"https:\/\/api.w.org\/{rel}","templated":true}]}}